{"id":1073,"date":"2015-12-07T10:17:26","date_gmt":"2015-12-07T09:17:26","guid":{"rendered":"https:\/\/vandegrijp.com\/en\/?page_id=1073"},"modified":"2021-03-15T09:24:21","modified_gmt":"2021-03-15T08:24:21","slug":"mission-vision","status":"publish","type":"page","link":"https:\/\/vandegrijp.com\/de\/mission-vision\/","title":{"rendered":"Mission &#038; Vision"},"content":{"rendered":"<p>Die Rohre, die VandeGrijp herstellt, sind exakt rund. Wir fertigen p\u00fcnktlich auf Ma\u00df. Wir sind <strong>der<\/strong> Lieferant f\u00fcr dickwandige Rohre h\u00f6chster Qualit\u00e4t und k\u00f6nnen innerhalb sehr kurzer Lieferzeit in jeder Abmessung liefern. In unserem Betrieb handeln wir nach folgenden drei Grunds\u00e4tzen:<\/p>\n<ol>\n<li>Wir haben Erfolg, wenn unsere Kunden mit unseren Produkten ihre Zielvorgaben erf\u00fcllen.<\/li>\n<li>Wir zeichnen uns dadurch aus, dass wir schwere Biegearbeiten in kleinen Mengen in relativ kurzer Zeit schaffen.<\/li>\n<li>Zus\u00e4tzlich unterscheiden wir uns von anderen dadurch, dass wir wenig Fehler machen und unsere Produktionsmittel kreativ einsetzen.<\/li>\n<\/ol>\n","protected":false},"excerpt":{"rendered":"<p>Die Rohre, die VandeGrijp herstellt, sind exakt rund. Wir fertigen p\u00fcnktlich auf Ma\u00df. Wir sind der Lieferant f\u00fcr dickwandige Rohre h\u00f6chster Qualit\u00e4t und k\u00f6nnen innerhalb sehr kurzer Lieferzeit in jeder Abmessung liefern. In unserem Betrieb handeln wir nach folgenden drei Grunds\u00e4tzen: Wir haben Erfolg, wenn unsere Kunden mit unseren Produkten ihre Zielvorgaben erf\u00fcllen. Wir zeichnen<a href=\"https:\/\/vandegrijp.com\/de\/mission-vision\/\">Read more..<\/a><\/p>\n","protected":false},"author":2,"featured_media":0,"parent":0,"menu_order":0,"comment_status":"closed","ping_status":"closed","template":"","meta":[],"_links":{"self":[{"href":"https:\/\/vandegrijp.com\/de\/wp-json\/wp\/v2\/pages\/1073"}],"collection":[{"href":"https:\/\/vandegrijp.com\/de\/wp-json\/wp\/v2\/pages"}],"about":[{"href":"https:\/\/vandegrijp.com\/de\/wp-json\/wp\/v2\/types\/page"}],"author":[{"embeddable":true,"href":"https:\/\/vandegrijp.com\/de\/wp-json\/wp\/v2\/users\/2"}],"replies":[{"embeddable":true,"href":"https:\/\/vandegrijp.com\/de\/wp-json\/wp\/v2\/comments?post=1073"}],"version-history":[{"count":1,"href":"https:\/\/vandegrijp.com\/de\/wp-json\/wp\/v2\/pages\/1073\/revisions"}],"predecessor-version":[{"id":1074,"href":"https:\/\/vandegrijp.com\/de\/wp-json\/wp\/v2\/pages\/1073\/revisions\/1074"}],"wp:attachment":[{"href":"https:\/\/vandegrijp.com\/de\/wp-json\/wp\/v2\/media?parent=1073"}],"curies":[{"name":"wp","href":"https:\/\/api.w.org\/{rel}","templated":true}]}}