{"id":309,"date":"2015-09-29T10:50:39","date_gmt":"2015-09-29T09:50:39","guid":{"rendered":"https:\/\/vandegrijp.com\/de\/?page_id=309"},"modified":"2015-10-12T12:56:24","modified_gmt":"2015-10-12T11:56:24","slug":"datenschutzerverklaerung","status":"publish","type":"page","link":"https:\/\/vandegrijp.com\/de\/datenschutzerverklaerung\/","title":{"rendered":"Datenschutzerverkl\u00e4rung"},"content":{"rendered":"<p>VandeGrijplegt gro\u00dfen Wert auf den Schutz der Privatsph\u00e4re erkennbarer pers\u00f6nlicher Daten, die Sie an uns weitergeben. Wir sind der Meinung, dass es wichtig ist, Sie \u00fcber die Art und Weise zu informieren, wie wir mit Ihren pers\u00f6nlichen Daten umgehen, und Ihnen die Wahl anzubieten, wie diese Daten verwendet werden sollen. Wir empfehlen Ihnen daher, die Datenschutzerkl\u00e4rung sorgf\u00e4ltig durchzulesen. \u2028In dieser Datenschutzerkl\u00e4rung wird unter anderem angegeben, welche Daten auf dieser Website durch uns gesammelt werden, wie wir diese Daten verwenden und wie die Daten gesch\u00fctzt werden.<\/p>\n<p><strong>Inhalt:<\/strong><\/p>\n<ol>\n<li>Warum sollten Sie Ihre pers\u00f6nlichen Daten an VandeGrijp weitergeben?<\/li>\n<li>An wen kann VandeGrijp Daten weitergeben?<\/li>\n<li>Senden wir &#8222;Cookies&#8220; an Ihren Computer?<\/li>\n<li>Google Analytics<\/li>\n<li>Wie werden die Daten gesch\u00fctzt?<\/li>\n<li>Welche Rechte haben Sie?<\/li>\n<li>Wohin k\u00f6nnen Sie Fragen und Bitten senden?<\/li>\n<\/ol>\n<h3>1. Warum sollten Sie Ihre pers\u00f6nlichen Daten an VandeGrijp weitergeben?<\/h3>\n<p>Durch die Weitergabe Ihrer erkennbaren pers\u00f6nlichen Daten haben wir die M\u00f6glichkeit, Ihnen einige Vorteile zu bieten:\u2028- Wir k\u00f6nnen mit Ihnen Kontakt aufnehmen, um Sie unter Bezug auf eine durch Sie eingereichte Anfrage weitergehend zu informieren \u2028- Wir k\u00f6nnen Informationen, die Sie angefragt haben, an Sie versenden.<\/p>\n<h3>2. An wen kann VandeGrijp Daten weitergeben?<\/h3>\n<p>Es kann vorkommen, dass wir den Auftrag an Dritte erteilen und (pers\u00f6nliche) Daten, die auf unserer Website oder anderweitig eingegeben wurden, zu sammeln, weiterzuverarbeiten und\/oder zu analysieren. Weiterhin kann es notwendig sein, Ihre Daten zu dem Zweck an Dritte weiterzugeben, dass wir Ihnen ein Produkt oder eine Dienstleistung liefern k\u00f6nnen, welche(s) Sie bei uns bestellt haben. Diese Dritten d\u00fcrfen die Daten nur zu diesem oben genannten Zweck verwenden. Jede andere Verwendung der Daten ist verboten. Wir geben pers\u00f6nliche Daten auch frei, wenn wir per Gesetz dazu verpflichtet werden.<\/p>\n<p>Allerdings wird VandeGrijp Ihre Daten nicht ohne Ihre vorherige Zustimmung an Dritte weitergeben.<\/p>\n<p>VandeGrijp wird Ihre pers\u00f6nlichen Daten nicht an Dritte weiterverkaufen oder gibt Ihre pers\u00f6nlichen Daten nicht an Dritte weiter, wenn letztere sie f\u00fcr ihre eigenen Zwecke verwenden k\u00f6nnen.<\/p>\n<h3>3. Versenden wir &#8222;Cookies&#8220; an Ihren Computer?<\/h3>\n<p>Es kann vorkommen, dass die Website ein &#8222;Cookie&#8220; \u2014 eine kleine Textdatei \u2014 an Ihren Computer schickt. Hierdurch k\u00f6nnen wir Ihren Computer erkennen, sobald er uns erneut besucht. Wenn Sie keine Cookies empfangen m\u00f6chten, k\u00f6nnen Sie in der Hilfe-Datei Ihres Internetbrowsers nachsehen, wie Sie alle Cookies blockieren k\u00f6nnen oder wie Sie daf\u00fcr sorgen k\u00f6nnen, dass Sie eine Warnung erhalten, bevor ein Cookie gespeichert wird. Mehr Informationen \u00fcber Cookies finden Sie auf http:\/\/www.cookiecentral.com.\u2028Wann immer Sie unsere Website besuchen, um Informationen zu betrachten, zu lesen oder herunterzuladen, werden durch uns einige &#8222;Besucherdaten&#8220; gesammelt und gespeichert, wie z. B. der Name der Dom\u00e4ne und des Host-Computers, von dem aus Sie ins Internet gehen, die IP-Adresse (Internet-Protokoll) des Computers, den Sie benutzen, das Datum und die Uhrzeit, wann Sie unsere Website besuchen, und die Internetadresse der Website, von wo Sie direkt auf unsere Website verlinkt sind. Mithilfe dieser Daten messen wir den Verkehr auf unseren Websites und k\u00f6nnen sie so verbessern. Diese Daten werden nach einiger Zeit wieder gel\u00f6scht.<\/p>\n<h3>4. Google Analytics<\/h3>\n<p>Diese Website nutzt Google Analytics, ein Web-Analyseservice, der von Google Inc. angeboten wird. Google Analytics nutzt &#8222;Cookies&#8220; (kleine Textdateien, die auf Ihrem Computer gespeichert werden) zur Analysehilfe der Website, wie Anwender die Seite verwenden. Die von einem Cookie generierte Information \u00fcber Ihr Website-Verhalten (einschlie\u00dflich Ihrer IP-Adresse) wird von und durch Google erbracht und auf Servern in den USA gespeichert. Google verwendet diese Informationen, um nachzuvollziehen, wie Sie die Website verwenden, um Berichte \u00fcber die Website-Aktivit\u00e4t aufzustellen zur Erforschung von Websites und f\u00fcr das Anbieten anderer Dienstleistungen mit Bezug auf Website-Aktivit\u00e4t und Verwendung des Internets. Google darf diese Informationen Dritten bereitstellen, wenn Google dazu rechtlich verpflichtet wird oder soweit diese Dritten die Informationen im Namen von Google verarbeiten. Google wird Ihre IP-Adresse nicht mit anderen Daten, \u00fcber die Google verf\u00fcgt, kombinieren. Sie k\u00f6nnen die Anwendung von Cookies verweigern, indem Sie in Ihrem Browser die daf\u00fcr vorgesehenen Einstellungen \u00e4ndern. Wir weisen Sie allerdings darauf hin, dass Sie in diesem Fall vielleicht nicht alle M\u00f6glichkeiten der Website nutzen k\u00f6nnen. Durch die Nutzung dieser Website stimmen Sie der Verarbeitung von Informationen durch Google generell in der hier beschriebenen Art zu.<\/p>\n<h3>5. Wie werden die Daten gesch\u00fctzt?<\/h3>\n<p>Wir kennen unsere Verantwortung, um die Daten, die Sie uns anvertrauen, zu sch\u00fctzen. VandeGrijp verwendet verschiedene Sicherheitstechniken, um Ihre Daten zu sch\u00fctzen, darunter Sicherheitsserver und Firewalls.<\/p>\n<h3>6. Welche Rechte haben Sie?<\/h3>\n<p>Sobald Sie Ihre erkennbar pers\u00f6nlichen Daten an uns weitergegeben haben, haben Sie das Recht zu verlangen, dass diese ge\u00e4ndert oder gel\u00f6scht werden. Dazu bitten wir Sie, Kontakt mit uns aufzunehmen.<\/p>\n<h3>7. Wohin k\u00f6nnen Sie Fragen und Bitten senden?<\/h3>\n<p>Wenn Sie zum Datenschutz bei VandeGrijp Fragen haben oder eine Bitte \u00e4u\u00dfern m\u00f6chten, k\u00f6nnen Sie Kontakt aufnehmen mit:<\/p>\n<p>VandeGrijp<br \/>\nRietgorsweg 11<br \/>\n3356 LJ Papendrecht<br \/>\nK.v.K Rotterdam<br \/>\nTelefon +31 78 644 64 64<\/p>\n<p>Schlussbemerkung<br \/>\nDiese Datenschutzerkl\u00e4rung unterliegt niederl\u00e4ndischem Recht. Alle Streitigkeiten, die eventuell hieraus entstehen oder auf andere Art und Weise mit dieser Website im Zusammenhang stehen, werden dem zust\u00e4ndigen Gericht in Dordrecht \u00fcbergeben.<\/p>\n<p>Fragen \u00fcber die Nutzungsbedingungen k\u00f6nnen Sie auch an uns richten. F\u00fcllen Sie dazu einfach das <a href=\"https:\/\/vandegrijp.com\/de\/kontakt\/\">Kontaktformular<\/a> aus.<\/p>\n","protected":false},"excerpt":{"rendered":"<p>VandeGrijplegt gro\u00dfen Wert auf den Schutz der Privatsph\u00e4re erkennbarer pers\u00f6nlicher Daten, die Sie an uns weitergeben. Wir sind der Meinung, dass es wichtig ist, Sie \u00fcber die Art und Weise zu informieren, wie wir mit Ihren pers\u00f6nlichen Daten umgehen, und Ihnen die Wahl anzubieten, wie diese Daten verwendet werden sollen. Wir empfehlen Ihnen daher, die<a href=\"https:\/\/vandegrijp.com\/de\/datenschutzerverklaerung\/\">Read more..<\/a><\/p>\n","protected":false},"author":1,"featured_media":0,"parent":0,"menu_order":0,"comment_status":"closed","ping_status":"closed","template":"","meta":[],"_links":{"self":[{"href":"https:\/\/vandegrijp.com\/de\/wp-json\/wp\/v2\/pages\/309"}],"collection":[{"href":"https:\/\/vandegrijp.com\/de\/wp-json\/wp\/v2\/pages"}],"about":[{"href":"https:\/\/vandegrijp.com\/de\/wp-json\/wp\/v2\/types\/page"}],"author":[{"embeddable":true,"href":"https:\/\/vandegrijp.com\/de\/wp-json\/wp\/v2\/users\/1"}],"replies":[{"embeddable":true,"href":"https:\/\/vandegrijp.com\/de\/wp-json\/wp\/v2\/comments?post=309"}],"version-history":[{"count":2,"href":"https:\/\/vandegrijp.com\/de\/wp-json\/wp\/v2\/pages\/309\/revisions"}],"predecessor-version":[{"id":543,"href":"https:\/\/vandegrijp.com\/de\/wp-json\/wp\/v2\/pages\/309\/revisions\/543"}],"wp:attachment":[{"href":"https:\/\/vandegrijp.com\/de\/wp-json\/wp\/v2\/media?parent=309"}],"curies":[{"name":"wp","href":"https:\/\/api.w.org\/{rel}","templated":true}]}}