{"id":324,"date":"2015-09-29T10:54:17","date_gmt":"2015-09-29T09:54:17","guid":{"rendered":"https:\/\/vandegrijp.com\/de\/?page_id=324"},"modified":"2019-04-08T12:43:41","modified_gmt":"2019-04-08T11:43:41","slug":"historie","status":"publish","type":"page","link":"https:\/\/vandegrijp.com\/de\/historie\/","title":{"rendered":"Geschichte"},"content":{"rendered":"<p>        <div class=\"t-timeline-block \">\n            <div class=\"t-timeline-container\">\n                <h2>Geschichte<\/h2>\n                \n                <div class=\"timeline-arrows\">\n                    <a class=\"previous arrow\"><\/a>\n                    <a class=\"next arrow\"><\/a>\n                <\/div>\n                \n                <div class=\"milestones-block\">\n                    <div class=\"timeline\"><\/div>\n                    <table class=\"milestones-container\">\n                        \n                                                    <tr class=\"milestone odd\">\n                                <td class=\"date-column\">\n                                    <div class=\"date no-day\">\n                                        <div class=\"day\"><\/div>\n                                        <div class=\"month\"><\/div>\n                                        <div class=\"year\">1928<\/div>\n                                        <div class=\"date-dot\"><\/div>\n                                    <\/div>\n                                <\/td>\n                                <td class=\"title\">Gr\u00fcndungsjahr<\/td>                                \n                                <td class=\"milestone-content\">\n                                    <div class=\"text\">\n                                        <p>Firma A. v\/d Grijp befasst sich mit Vermietung und Verkauf von Wohnbooten und Schuten. Die Boote wurden im eigenen Werk in Sliedrecht gebaut und repariert.<\/p>\n                                    <\/div>\n                                <\/td>\n                            <\/tr>\n                                                    <tr class=\"milestone even\">\n                                <td class=\"date-column\">\n                                    <div class=\"date no-day\">\n                                        <div class=\"day\"><\/div>\n                                        <div class=\"month\"><\/div>\n                                        <div class=\"year\">1945<\/div>\n                                        <div class=\"date-dot\"><\/div>\n                                    <\/div>\n                                <\/td>\n                                <td class=\"title\">Beginn einer neuen Unternehmung<\/td>                                \n                                <td class=\"milestone-content\">\n                                    <div class=\"text\">\n                                        <p>Nach dem Krieg ist von der Flotte nicht mehr viel \u00fcbrig. Die wenigen Schiffe, die noch aufgesp\u00fcrt werden k\u00f6nnen, sind schwer besch\u00e4digt oder liegen irgendwo auf Grund. Die Firma v\/d Grijp beschlie\u00dft, ihre Schiffe selbst zu bergen und aufzuarbeiten und zieht damit die Aufmerksamkeit des Staates auf sich. Bald darauf erh\u00e4lt die Firma Auftr\u00e4ge, auch andere Schiffe zu bergen. Durch diese neue Entwicklung wird es in Sliedrecht bald zu klein. Der Umzug auf ein gr\u00f6\u00dferes Grundst\u00fcck wird notwendig.<\/p>\n                                    <\/div>\n                                <\/td>\n                            <\/tr>\n                                                    <tr class=\"milestone odd\">\n                                <td class=\"date-column\">\n                                    <div class=\"date no-day\">\n                                        <div class=\"day\"><\/div>\n                                        <div class=\"month\"><\/div>\n                                        <div class=\"year\">1952<\/div>\n                                        <div class=\"date-dot\"><\/div>\n                                    <\/div>\n                                <\/td>\n                                <td class=\"title\">Platz f\u00fcr Wachstum<\/td>                                \n                                <td class=\"milestone-content\">\n                                    <div class=\"text\">\n                                        <p>Anfang der 50er Jahre kauft die Firma v\/d Grijp einige Parzellen Brachland und mit R\u00f6hricht bewachsene Ufergrundst\u00fccke: ein Gel\u00e4nde von mehr als sechs Hektar, auf dem in Eigenregie ein Arbeitshafen angelegt wird. Ein Teil wird angesch\u00fcttet f\u00fcr den Bau einer neuen Fabrikhalle mit 1000 m<sup>2<\/sup> an der Ortsgrenze zwischen Sliedrecht und Giessendam.<\/p>\n                                    <\/div>\n                                <\/td>\n                            <\/tr>\n                                                    <tr class=\"milestone even\">\n                                <td class=\"date-column\">\n                                    <div class=\"date no-day\">\n                                        <div class=\"day\"><\/div>\n                                        <div class=\"month\"><\/div>\n                                        <div class=\"year\">1953<\/div>\n                                        <div class=\"date-dot\"><\/div>\n                                    <\/div>\n                                <\/td>\n                                <td class=\"title\">N.V. Scheepswerf & Machinefabriek v\/h A. van de Grijp<\/td>                                \n                                <td class=\"milestone-content\">\n                                    <div class=\"text\">\n                                        <p>Mit der neuen Fabrik entsteht eine neue Unternehmung. Die Firma \u00e4ndert offiziell ihren Namen und befasst sich vor allem mit dem Neubau und der Reparatur von Baggermaterial. \u00dcberdies werden im neuen Werk 15 Schiffe gebaut und sp\u00e4ter auch kilometerweise Druckrohre gefertigt.<\/p>\n                                    <\/div>\n                                <\/td>\n                            <\/tr>\n                                                    <tr class=\"milestone odd\">\n                                <td class=\"date-column\">\n                                    <div class=\"date no-day\">\n                                        <div class=\"day\"><\/div>\n                                        <div class=\"month\"><\/div>\n                                        <div class=\"year\">1960<\/div>\n                                        <div class=\"date-dot\"><\/div>\n                                    <\/div>\n                                <\/td>\n                                <td class=\"title\">Der Bau geht voran<\/td>                                \n                                <td class=\"milestone-content\">\n                                    <div class=\"text\">\n                                        <p>Anfang der 60er Jahre kommen verschiedene Fabrikhallen dazu. Der Betrieb f\u00fchrt das Unterpulverschwei\u00dfen (UP) ein, um die Modernisierung voranzutreiben und auf Dauer Innovationen zu erm\u00f6glichen.<\/p>\n                                    <\/div>\n                                <\/td>\n                            <\/tr>\n                                                    <tr class=\"milestone even\">\n                                <td class=\"date-column\">\n                                    <div class=\"date no-day\">\n                                        <div class=\"day\"><\/div>\n                                        <div class=\"month\"><\/div>\n                                        <div class=\"year\">1970<\/div>\n                                        <div class=\"date-dot\"><\/div>\n                                    <\/div>\n                                <\/td>\n                                <td class=\"title\">Wieder ein neuer Standort<\/td>                                \n                                <td class=\"milestone-content\">\n                                    <div class=\"text\">\n                                        <p>Im August 1970 wird schon wieder ein neuer, noch gr\u00f6\u00dferer Standort bezogen, und zwar in Papendrecht, wo zun\u00e4chst ein neuer Schuppen f\u00fcr das Rohrlager und eine Anzahl Wohnh\u00e4user gebaut werden. Sp\u00e4ter, im Jahre 1971, folgt eine Schiffbau-Lagerhalle, die auch heute noch als Konstruktionshalle Verwendung findet.<\/p>\n                                    <\/div>\n                                <\/td>\n                            <\/tr>\n                                                    <tr class=\"milestone odd\">\n                                <td class=\"date-column\">\n                                    <div class=\"date no-day\">\n                                        <div class=\"day\"><\/div>\n                                        <div class=\"month\"><\/div>\n                                        <div class=\"year\">1988<\/div>\n                                        <div class=\"date-dot\"><\/div>\n                                    <\/div>\n                                <\/td>\n                                <td class=\"title\">Revolution\u00e4re Entwicklung<\/td>                                \n                                <td class=\"milestone-content\">\n                                    <div class=\"text\">\n                                        <p>VandeGrijp ist Vorreiter in Sachen Fachkenntnis und Technologie. Das sagen wir nicht nur, wir zeigen dies auch: Wir haben das kompakteste Rohrwerk der Welt am heutigen Standort, direkt neben der Konstruktionshalle, errichtet.<\/p>\n                                    <\/div>\n                                <\/td>\n                            <\/tr>\n                                                    <tr class=\"milestone even\">\n                                <td class=\"date-column\">\n                                    <div class=\"date no-day\">\n                                        <div class=\"day\"><\/div>\n                                        <div class=\"month\"><\/div>\n                                        <div class=\"year\">2011<\/div>\n                                        <div class=\"date-dot\"><\/div>\n                                    <\/div>\n                                <\/td>\n                                <td class=\"title\">XL-Lagerhalle<\/td>                                \n                                <td class=\"milestone-content\">\n                                    <div class=\"text\">\n                                        <p>Um auch Rohre mit sehr gro\u00dfen Wanddicken und Durchmessern bis 10 Metern herstellen zu k\u00f6nnen, er\u00f6ffnet VandeGrijp eine neue, hohe Produktionshalle.<\/p>\n                                    <\/div>\n                                <\/td>\n                            <\/tr>\n                                                    <tr class=\"milestone odd\">\n                                <td class=\"date-column\">\n                                    <div class=\"date no-day\">\n                                        <div class=\"day\"><\/div>\n                                        <div class=\"month\"><\/div>\n                                        <div class=\"year\">2014<\/div>\n                                        <div class=\"date-dot\"><\/div>\n                                    <\/div>\n                                <\/td>\n                                <td class=\"title\">Roll-on\/Roll-off<\/td>                                \n                                <td class=\"milestone-content\">\n                                    <div class=\"text\">\n                                        <p>Der neueste Zuwachs auf unserem Gel\u00e4nde ist ein eigener RORO-Quai. Der Arbeitshafen wurde entworfen und gebaut, um schwere Teile direkt auf eine Transportschute laden zu k\u00f6nnen.<\/p>\n                                    <\/div>\n                                <\/td>\n                            <\/tr>\n                                                \n                    <\/table>\n                <\/div>\n            <\/div>\n        <\/div>\n        \n    <\/p>\n","protected":false},"excerpt":{"rendered":"<p>Geschichte 1928 Gr\u00fcndungsjahr Firma A. v\/d Grijp befasst sich mit Vermietung und Verkauf von Wohnbooten und Schuten. Die Boote wurden im eigenen Werk in Sliedrecht gebaut und repariert. 1945 Beginn einer neuen Unternehmung Nach dem Krieg ist von der Flotte nicht mehr viel \u00fcbrig. Die wenigen Schiffe, die noch aufgesp\u00fcrt werden k\u00f6nnen, sind schwer besch\u00e4digt<a href=\"https:\/\/vandegrijp.com\/de\/historie\/\">Read more..<\/a><\/p>\n","protected":false},"author":1,"featured_media":0,"parent":0,"menu_order":0,"comment_status":"closed","ping_status":"closed","template":"","meta":[],"_links":{"self":[{"href":"https:\/\/vandegrijp.com\/de\/wp-json\/wp\/v2\/pages\/324"}],"collection":[{"href":"https:\/\/vandegrijp.com\/de\/wp-json\/wp\/v2\/pages"}],"about":[{"href":"https:\/\/vandegrijp.com\/de\/wp-json\/wp\/v2\/types\/page"}],"author":[{"embeddable":true,"href":"https:\/\/vandegrijp.com\/de\/wp-json\/wp\/v2\/users\/1"}],"replies":[{"embeddable":true,"href":"https:\/\/vandegrijp.com\/de\/wp-json\/wp\/v2\/comments?post=324"}],"version-history":[{"count":2,"href":"https:\/\/vandegrijp.com\/de\/wp-json\/wp\/v2\/pages\/324\/revisions"}],"predecessor-version":[{"id":1857,"href":"https:\/\/vandegrijp.com\/de\/wp-json\/wp\/v2\/pages\/324\/revisions\/1857"}],"wp:attachment":[{"href":"https:\/\/vandegrijp.com\/de\/wp-json\/wp\/v2\/media?parent=324"}],"curies":[{"name":"wp","href":"https:\/\/api.w.org\/{rel}","templated":true}]}}