{"id":332,"date":"2015-09-29T10:56:09","date_gmt":"2015-09-29T09:56:09","guid":{"rendered":"https:\/\/vandegrijp.com\/de\/?page_id=332"},"modified":"2019-03-19T13:21:39","modified_gmt":"2019-03-19T12:21:39","slug":"qualitaet","status":"publish","type":"page","link":"https:\/\/vandegrijp.com\/de\/qualitaet\/","title":{"rendered":"Qualit\u00e4t"},"content":{"rendered":"<p>Qualit\u00e4t kommt nicht von allein. Sie ist das Ergebnis von bewussten Entscheidungen im Sinne der optimalen Qualit\u00e4t und deren Umsetzung durch diszipliniertes Vorgehen streng nach den jeweiligen Normen und Spezifikationen.<\/p>\n<p>Bei VandeGrijp sichern wir unsere Qualit\u00e4t durch objektive externe Kontrolle und intensive Audits, die wir im Auftrag unserer Kunden und auf eigene Initiative selbst durchf\u00fchren. ISO 9001, EN 1090 und ISO 3834-2 sind Teil unseres Qualit\u00e4tssystems.<br \/>\nWir arbeiten anhand vorgeschriebener Produktionsnormen und -verfahren, setzen Zeichnungen und Kundenspezifikationen im Detail um und stehen jederzeit f\u00fcr Pr\u00fcfungen und Inspektionen zur Verf\u00fcgung.<\/p>\n<p>Die Qualit\u00e4t unserer Produkte wird w\u00e4hrend des Prozesses bestimmt. Mit einem ausf\u00fchrlichen Pr\u00fcf- und Ma\u00dfprotokoll sorgen Werkstattmitarbeiter, Produktionsleitung und die Abteilung Qualit\u00e4tskontrolle f\u00fcr eine sichere, p\u00fcnktliche und fehlerlose Produktion. Wir analysieren unsere Qualit\u00e4tsaufzeichnungen und setzen Verbesserungen auf Basis der daraus resultierenden Informationen konkret um. So verbessern wir bei VandeGrijp unsere Arbeit jeden Tag ein bisschen mehr.<\/p>\n","protected":false},"excerpt":{"rendered":"<p>Qualit\u00e4t kommt nicht von allein. Sie ist das Ergebnis von bewussten Entscheidungen im Sinne der optimalen Qualit\u00e4t und deren Umsetzung durch diszipliniertes Vorgehen streng nach den jeweiligen Normen und Spezifikationen. Bei VandeGrijp sichern wir unsere Qualit\u00e4t durch objektive externe Kontrolle und intensive Audits, die wir im Auftrag unserer Kunden und auf eigene Initiative selbst durchf\u00fchren.<a href=\"https:\/\/vandegrijp.com\/de\/qualitaet\/\">Read more..<\/a><\/p>\n","protected":false},"author":1,"featured_media":0,"parent":0,"menu_order":0,"comment_status":"closed","ping_status":"closed","template":"","meta":[],"_links":{"self":[{"href":"https:\/\/vandegrijp.com\/de\/wp-json\/wp\/v2\/pages\/332"}],"collection":[{"href":"https:\/\/vandegrijp.com\/de\/wp-json\/wp\/v2\/pages"}],"about":[{"href":"https:\/\/vandegrijp.com\/de\/wp-json\/wp\/v2\/types\/page"}],"author":[{"embeddable":true,"href":"https:\/\/vandegrijp.com\/de\/wp-json\/wp\/v2\/users\/1"}],"replies":[{"embeddable":true,"href":"https:\/\/vandegrijp.com\/de\/wp-json\/wp\/v2\/comments?post=332"}],"version-history":[{"count":2,"href":"https:\/\/vandegrijp.com\/de\/wp-json\/wp\/v2\/pages\/332\/revisions"}],"predecessor-version":[{"id":1019,"href":"https:\/\/vandegrijp.com\/de\/wp-json\/wp\/v2\/pages\/332\/revisions\/1019"}],"wp:attachment":[{"href":"https:\/\/vandegrijp.com\/de\/wp-json\/wp\/v2\/media?parent=332"}],"curies":[{"name":"wp","href":"https:\/\/api.w.org\/{rel}","templated":true}]}}