{"id":341,"date":"2015-09-29T11:08:49","date_gmt":"2015-09-29T10:08:49","guid":{"rendered":"https:\/\/vandegrijp.com\/de\/?page_id=341"},"modified":"2021-03-15T09:51:42","modified_gmt":"2021-03-15T08:51:42","slug":"produktionskapazitaet","status":"publish","type":"page","link":"https:\/\/vandegrijp.com\/de\/produktionskapazitaet\/","title":{"rendered":"Produktionskapazit\u00e4t"},"content":{"rendered":"<p>VandeGrijp bietet alle M\u00f6glichkeiten, gro\u00df zu denken und weiter zu wachsen. Unser Gel\u00e4nde umfasst 85.000 m<sup>2<\/sup> mit eigenem Quai sowie drei einzeln stehende Produktionshallen. Die Produktionshalle mit der gr\u00f6\u00dften Grundfl\u00e4che (3.000 m<sup>2<\/sup>) bietet Platz f\u00fcr Serienteile und Spezialbauteile, in der kleinsten Halle (1.500 m<sup>2<\/sup>) produzieren wir bis zu 4,5 Kilometer Rohre pro Monat. Die dritte Produktionsst\u00e4tte (2.600 m<sup>2<\/sup>) ist durch ihre gro\u00dfe H\u00f6he geeignet f\u00fcr die Produktion von Gro\u00dfrohren und Rohrkonstruktionen.<\/p>\n","protected":false},"excerpt":{"rendered":"<p>VandeGrijp bietet alle M\u00f6glichkeiten, gro\u00df zu denken und weiter zu wachsen. Unser Gel\u00e4nde umfasst 85.000 m2 mit eigenem Quai sowie drei einzeln stehende Produktionshallen. Die Produktionshalle mit der gr\u00f6\u00dften Grundfl\u00e4che (3.000 m2) bietet Platz f\u00fcr Serienteile und Spezialbauteile, in der kleinsten Halle (1.500 m2) produzieren wir bis zu 4,5 Kilometer Rohre pro Monat. Die dritte<a href=\"https:\/\/vandegrijp.com\/de\/produktionskapazitaet\/\">Read more..<\/a><\/p>\n","protected":false},"author":1,"featured_media":0,"parent":0,"menu_order":0,"comment_status":"closed","ping_status":"closed","template":"template-production_capacity.php","meta":[],"_links":{"self":[{"href":"https:\/\/vandegrijp.com\/de\/wp-json\/wp\/v2\/pages\/341"}],"collection":[{"href":"https:\/\/vandegrijp.com\/de\/wp-json\/wp\/v2\/pages"}],"about":[{"href":"https:\/\/vandegrijp.com\/de\/wp-json\/wp\/v2\/types\/page"}],"author":[{"embeddable":true,"href":"https:\/\/vandegrijp.com\/de\/wp-json\/wp\/v2\/users\/1"}],"replies":[{"embeddable":true,"href":"https:\/\/vandegrijp.com\/de\/wp-json\/wp\/v2\/comments?post=341"}],"version-history":[{"count":2,"href":"https:\/\/vandegrijp.com\/de\/wp-json\/wp\/v2\/pages\/341\/revisions"}],"predecessor-version":[{"id":1021,"href":"https:\/\/vandegrijp.com\/de\/wp-json\/wp\/v2\/pages\/341\/revisions\/1021"}],"wp:attachment":[{"href":"https:\/\/vandegrijp.com\/de\/wp-json\/wp\/v2\/media?parent=341"}],"curies":[{"name":"wp","href":"https:\/\/api.w.org\/{rel}","templated":true}]}}