{"id":70,"date":"2015-09-01T10:26:17","date_gmt":"2015-09-01T09:26:17","guid":{"rendered":"https:\/\/vandegrijp.com\/de\/?page_id=70"},"modified":"2019-04-02T12:48:19","modified_gmt":"2019-04-02T11:48:19","slug":"ueber-uns","status":"publish","type":"page","link":"https:\/\/vandegrijp.com\/de\/ueber-uns\/","title":{"rendered":"\u00dcber uns"},"content":{"rendered":"<p>Die enge Zusammenarbeit beider Gesellschaften erm\u00f6glicht uns, die W\u00fcnsche unserer Kunden optimal zu erf\u00fcllen. Produktion und Firmensitz befinden sich in Papendrecht, in strategisch g\u00fcnstiger Lage direkt an der A15\/16, und an der Wasserstra\u00dfe <em>Beneden Merwede<\/em>, mit direkter Verbindung zu den H\u00e4fen Rotterdam und Antwerpen.<\/p>\n<p>VandeGrijp IGS ist f\u00fchrend im Bau schwerer Stahlkonstruktionen. Zu unserem Fertigungsprogramm geh\u00f6ren Rohre, Zylinder, Konen und Halbschalen. Wir stellen auf Bestellung auch Trommeln, Teilrohre, Verbindungsst\u00fccke und komplette Spreaders her. Auf unseren Fertigungsst\u00e4tten mit einer Gr\u00f6\u00dfe von 8.000 m<sup>2<\/sup> und mit unserem eigenen Hafen mit Roll-on-Roll-off-Quai auf unserem eigenen, rund acht Hektar gro\u00dfen Gel\u00e4nde k\u00f6nnen wir jeden Auftrag abwickeln. Ob Einzelst\u00fcckfertigung oder Gro\u00dfserienproduktion, ob hochwertiges Material oder einfache Stahlg\u00fcten \u2012 wir liefern Ergebnisse von Format.<\/p>\n<p>VandeGrijp Rental bietet ma\u00dfgeschneiderte Unterst\u00fctzung bei Infrastrukturarbeiten. Wir halten mehr als 60 Kilometer Rohrleitungssystem auf Lager, dazu eine direkt am Fluss verf\u00fcgbare Flotte von Klappschuten, Pontons und Sp\u00fclschuten. So finden wir immer die passende L\u00f6sung f\u00fcr ein kurzfristig zu l\u00f6sendes Problem.<\/p>\n","protected":false},"excerpt":{"rendered":"<p>Die enge Zusammenarbeit beider Gesellschaften erm\u00f6glicht uns, die W\u00fcnsche unserer Kunden optimal zu erf\u00fcllen. Produktion und Firmensitz befinden sich in Papendrecht, in strategisch g\u00fcnstiger Lage direkt an der A15\/16, und an der Wasserstra\u00dfe Beneden Merwede, mit direkter Verbindung zu den H\u00e4fen Rotterdam und Antwerpen. VandeGrijp IGS ist f\u00fchrend im Bau schwerer Stahlkonstruktionen. Zu unserem Fertigungsprogramm<a href=\"https:\/\/vandegrijp.com\/de\/ueber-uns\/\">Read more..<\/a><\/p>\n","protected":false},"author":1,"featured_media":0,"parent":0,"menu_order":0,"comment_status":"open","ping_status":"open","template":"","meta":[],"_links":{"self":[{"href":"https:\/\/vandegrijp.com\/de\/wp-json\/wp\/v2\/pages\/70"}],"collection":[{"href":"https:\/\/vandegrijp.com\/de\/wp-json\/wp\/v2\/pages"}],"about":[{"href":"https:\/\/vandegrijp.com\/de\/wp-json\/wp\/v2\/types\/page"}],"author":[{"embeddable":true,"href":"https:\/\/vandegrijp.com\/de\/wp-json\/wp\/v2\/users\/1"}],"replies":[{"embeddable":true,"href":"https:\/\/vandegrijp.com\/de\/wp-json\/wp\/v2\/comments?post=70"}],"version-history":[{"count":2,"href":"https:\/\/vandegrijp.com\/de\/wp-json\/wp\/v2\/pages\/70\/revisions"}],"predecessor-version":[{"id":1017,"href":"https:\/\/vandegrijp.com\/de\/wp-json\/wp\/v2\/pages\/70\/revisions\/1017"}],"wp:attachment":[{"href":"https:\/\/vandegrijp.com\/de\/wp-json\/wp\/v2\/media?parent=70"}],"curies":[{"name":"wp","href":"https:\/\/api.w.org\/{rel}","templated":true}]}}